{"id":947,"date":"2026-05-05T21:12:05","date_gmt":"2026-05-05T21:12:05","guid":{"rendered":"https:\/\/terare.com.py\/?page_id=947"},"modified":"2026-05-05T21:22:09","modified_gmt":"2026-05-05T21:22:09","slug":"aerowash","status":"publish","type":"page","link":"https:\/\/terare.com.py\/index.php\/aerowash\/","title":{"rendered":"Aerowash"},"content":{"rendered":"<p>[et_pb_section fb_built=\u00bb1&#8243; admin_label=\u00bbHero Section\u00bb _builder_version=\u00bb4.16&#8243; custom_padding=\u00bb0|0px|0px|0px\u00bb global_colors_info=\u00bb{}\u00bb][et_pb_row column_structure=\u00bb1_2,1_2&#8243; use_custom_gutter=\u00bbon\u00bb make_equal=\u00bbon\u00bb _builder_version=\u00bb4.16&#8243; width=\u00bb100%\u00bb max_width=\u00bb100%\u00bb custom_padding=\u00bb0px|0|0px|\u00bb use_custom_width=\u00bbon\u00bb width_unit=\u00bboff\u00bb custom_width_percent=\u00bb100%\u00bb global_colors_info=\u00bb{}\u00bb][et_pb_column type=\u00bb1_2&#8243; _builder_version=\u00bb4.16&#8243; custom_padding=\u00bb200px|4%|200px|8%\u00bb custom_padding_tablet=\u00bb60px|10%|60px|10%\u00bb custom_padding_phone=\u00bb\u00bb custom_padding_last_edited=\u00bbon|tablet\u00bb global_colors_info=\u00bb{}\u00bb padding_tablet=\u00bb60px|10%|60px|10%\u00bb padding_last_edited=\u00bbon|tablet\u00bb custom_padding__hover=\u00bb|||\u00bb padding_phone=\u00bb60px|10%|60px|10%\u00bb][et_pb_text _builder_version=\u00bb4.26.1&#8243; text_font=\u00bb||||||||\u00bb header_font=\u00bb||||||||\u00bb header_3_font=\u00bbKarla|700||on|||||\u00bb header_3_text_color=\u00bb#c2ab92&#8243; header_3_font_size=\u00bb16px\u00bb header_3_letter_spacing=\u00bb1px\u00bb background_layout=\u00bbdark\u00bb max_width=\u00bb600px\u00bb module_alignment=\u00bbleft\u00bb custom_margin=\u00bb||20px|\u00bb locked=\u00bboff\u00bb global_colors_info=\u00bb{}\u00bb]<\/p>\n<h3>AERO WASH<\/h3>\n<p>[\/et_pb_text][et_pb_divider color=\u00bb#b4a797&#8243; _builder_version=\u00bb4.16&#8243; _module_preset=\u00bbdefault\u00bb global_colors_info=\u00bb{}\u00bb][\/et_pb_divider][et_pb_text _builder_version=\u00bb4.26.1&#8243; text_font=\u00bbKarla||||||||\u00bb text_font_size=\u00bb18px\u00bb text_line_height=\u00bb1.8em\u00bb header_font=\u00bbCormorant Garamond||||||||\u00bb header_font_size=\u00bb56px\u00bb header_line_height=\u00bb1.4em\u00bb header_2_font=\u00bb||||||||\u00bb header_3_font=\u00bb||||||||\u00bb max_width=\u00bb600px\u00bb header_font_size_tablet=\u00bb40px\u00bb header_font_size_phone=\u00bb\u00bb header_font_size_last_edited=\u00bbon|tablet\u00bb locked=\u00bboff\u00bb global_colors_info=\u00bb{}\u00bb]<\/p>\n<p data-path-to-node=\"8,0\"><b data-path-to-node=\"8,0\" data-index-in-node=\"0\">\u00bfPOR QU\u00c9 AERO WASH ES SU MEJOR SOCIO ESTRAT\u00c9GICO?<\/b> \u2022 <b data-path-to-node=\"8,0\" data-index-in-node=\"52\">Riesgo laboral cero:<\/b> Sin personal colgado, se eliminan potenciales contingencias. \u2022 <b data-path-to-node=\"8,0\" data-index-in-node=\"136\">Ahorro de costos:<\/b> No alquilamos andamios, no montamos gr\u00faas ni paramos su producci\u00f3n. \u2022 <b data-path-to-node=\"8,0\" data-index-in-node=\"224\">Velocidad de ejecuci\u00f3n:<\/b> Reducimos los tiempos de trabajo hasta en un 80%. \u2022 <b data-path-to-node=\"8,0\" data-index-in-node=\"300\">Tecnolog\u00eda 0 ppm:<\/b> Utilizamos \u00f3smosis inversa para que los vidrios sequen solos, sin manchas minerales.<\/p>\n<p data-path-to-node=\"8,1\"><b data-path-to-node=\"8,1\" data-index-in-node=\"0\">NUESTROS EQUIPOS DE TRABAJO<\/b> Todo el personal cuenta con equipo de seguridad industrial y comunicaci\u00f3n de \u00faltima generaci\u00f3n. \u2022 <b data-path-to-node=\"8,1\" data-index-in-node=\"126\">Supervisor:<\/b> Dirige la operaci\u00f3n, documenta en video y chequea la calidad del agua. \u2022 <b data-path-to-node=\"8,1\" data-index-in-node=\"211\">Auxiliar:<\/b> Demarca el \u00e1rea de seguridad y controla los equipos. \u2022 <b data-path-to-node=\"8,1\" data-index-in-node=\"276\">Piloto Certificado:<\/b> Autorizado por la DINAC, lleva adelante el vuelo seguro y el lavado.<\/p>\n<p data-path-to-node=\"8,2\"><b data-path-to-node=\"8,2\" data-index-in-node=\"0\">NUESTRAS UNIDADES DE NEGOCIO<\/b> <b data-path-to-node=\"8,2\" data-index-in-node=\"29\">1. Fachadas corporativas y residenciales:<\/b> Lavado de precisi\u00f3n en vidrio y alucobond. Restauraci\u00f3n eliminando moho y holl\u00edn sin da\u00f1ar la estructura. <b data-path-to-node=\"8,2\" data-index-in-node=\"177\">2. Sector industrial y log\u00edstico:<\/b> Limpieza de techos, galpones, silos y molinos para evitar corrosi\u00f3n y plagas. <b data-path-to-node=\"8,2\" data-index-in-node=\"289\">3. Energ\u00edas renovables:<\/b> Lavado t\u00e9cnico de paneles solares (un panel limpio rinde hasta 30% m\u00e1s). <b data-path-to-node=\"8,2\" data-index-in-node=\"386\">4. Centros hospitalarios:<\/b> Sanitizaci\u00f3n a\u00e9rea automatizada sin contacto humano, eliminando riesgos de contaminaci\u00f3n.<\/p>\n<p>[\/et_pb_text][\/et_pb_column][et_pb_column type=\u00bb1_2&#8243; _builder_version=\u00bb4.16&#8243; custom_padding=\u00bb200px|4%|200px|8%\u00bb custom_padding_tablet=\u00bb60px|10%|60px|10%\u00bb custom_padding_phone=\u00bb\u00bb custom_padding_last_edited=\u00bbon|tablet\u00bb global_colors_info=\u00bb{}\u00bb padding_tablet=\u00bb60px|10%|60px|10%\u00bb padding_last_edited=\u00bbon|tablet\u00bb custom_padding__hover=\u00bb|||\u00bb padding_phone=\u00bb60px|10%|60px|10%\u00bb][et_pb_image src=\u00bbhttps:\/\/terare.com.py\/wp-content\/uploads\/2026\/05\/Drone-Benefits-for-Facade-and-High-Rise-Window-Cleaning.jpg\u00bb title_text=\u00bbDrone-Benefits-for-Facade-and-High-Rise-Window-Cleaning\u00bb url=\u00bbhttps:\/\/terare.com.py\/wp-content\/uploads\/2021\/07\/Capacitaciones-y-consultoria-a-publicos.pdf\u00bb _builder_version=\u00bb4.26.1&#8243; _module_preset=\u00bbdefault\u00bb global_colors_info=\u00bb{}\u00bb][\/et_pb_image][et_pb_image src=\u00bbhttps:\/\/terare.com.py\/wp-content\/uploads\/2026\/05\/Equipo-de-operacion-de-drones-certificado.jpg\u00bb title_text=\u00bbEquipo de operaci\u00f3n de drones certificado\u00bb _builder_version=\u00bb4.26.1&#8243; _module_preset=\u00bbdefault\u00bb global_colors_info=\u00bb{}\u00bb][\/et_pb_image][\/et_pb_column][\/et_pb_row][\/et_pb_section]<\/p>\n","protected":false},"excerpt":{"rendered":"<p>AERO WASH\u00bfPOR QU\u00c9 AERO WASH ES SU MEJOR SOCIO ESTRAT\u00c9GICO? \u2022 Riesgo laboral cero: Sin personal colgado, se eliminan potenciales contingencias. \u2022 Ahorro de costos: No alquilamos andamios, no montamos gr\u00faas ni paramos su producci\u00f3n. \u2022 Velocidad de ejecuci\u00f3n: Reducimos los tiempos de trabajo hasta en un 80%. \u2022 Tecnolog\u00eda 0 ppm: Utilizamos \u00f3smosis inversa [&hellip;]<\/p>\n","protected":false},"author":1,"featured_media":0,"parent":0,"menu_order":0,"comment_status":"closed","ping_status":"closed","template":"","meta":{"_et_pb_use_builder":"on","_et_pb_old_content":"","_et_gb_content_width":"","footnotes":""},"class_list":["post-947","page","type-page","status-publish","hentry"],"_links":{"self":[{"href":"https:\/\/terare.com.py\/index.php\/wp-json\/wp\/v2\/pages\/947","targetHints":{"allow":["GET"]}}],"collection":[{"href":"https:\/\/terare.com.py\/index.php\/wp-json\/wp\/v2\/pages"}],"about":[{"href":"https:\/\/terare.com.py\/index.php\/wp-json\/wp\/v2\/types\/page"}],"author":[{"embeddable":true,"href":"https:\/\/terare.com.py\/index.php\/wp-json\/wp\/v2\/users\/1"}],"replies":[{"embeddable":true,"href":"https:\/\/terare.com.py\/index.php\/wp-json\/wp\/v2\/comments?post=947"}],"version-history":[{"count":4,"href":"https:\/\/terare.com.py\/index.php\/wp-json\/wp\/v2\/pages\/947\/revisions"}],"predecessor-version":[{"id":955,"href":"https:\/\/terare.com.py\/index.php\/wp-json\/wp\/v2\/pages\/947\/revisions\/955"}],"wp:attachment":[{"href":"https:\/\/terare.com.py\/index.php\/wp-json\/wp\/v2\/media?parent=947"}],"curies":[{"name":"wp","href":"https:\/\/api.w.org\/{rel}","templated":true}]}}