{"id":375,"date":"2021-11-05T01:57:43","date_gmt":"2021-11-05T01:57:43","guid":{"rendered":"https:\/\/terare.com.py\/?page_id=375"},"modified":"2021-11-05T22:14:19","modified_gmt":"2021-11-05T22:14:19","slug":"movicor","status":"publish","type":"page","link":"https:\/\/terare.com.py\/index.php\/movicor\/","title":{"rendered":"Movicor"},"content":{"rendered":"<p>[et_pb_section fb_built=\u00bb1&#8243; _builder_version=\u00bb4.9.10&#8243; _module_preset=\u00bbdefault\u00bb][et_pb_row _builder_version=\u00bb4.9.10&#8243; _module_preset=\u00bbdefault\u00bb][et_pb_column type=\u00bb4_4&#8243; _builder_version=\u00bb4.9.10&#8243; _module_preset=\u00bbdefault\u00bb][et_pb_text _builder_version=\u00bb4.9.10&#8243; _module_preset=\u00bbdefault\u00bb text_text_color=\u00bb#b4a797&#8243;]<\/p>\n<p>MOVICOR<\/p>\n<p>[\/et_pb_text][et_pb_divider color=\u00bb#b4a797&#8243; _builder_version=\u00bb4.9.10&#8243; _module_preset=\u00bbdefault\u00bb width=\u00bb10%\u00bb custom_margin=\u00bb-18px||||false|false\u00bb][\/et_pb_divider][et_pb_text _builder_version=\u00bb4.9.10&#8243; _module_preset=\u00bbdefault\u00bb]<\/p>\n<p>Terare Paraguay es representante y distribuidora exclusiva para Ciudad del Este y Alto Paran\u00e1 de las l\u00edneas que maneja la empresa Movicor.<\/p>\n<p>Tanto con la prestigiosa marca Marelli como a trav\u00e9s de la representaci\u00f3n de la empresa London Archivos y Sistemas, damos soluciones de equipamiento para proyectos de empresas, oficinas, hogar, clubes, anfiteatros, bancos, etc.<\/p>\n<p>Aqu\u00ed el link de nuestra empresa madre:<\/p>\n<p>[\/et_pb_text][et_pb_image src=\u00bbhttps:\/\/terare.com.py\/wp-content\/uploads\/2021\/11\/Logo-MOVICOR-1.jpg\u00bb _builder_version=\u00bb4.9.10&#8243; _module_preset=\u00bbdefault\u00bb width=\u00bb52%\u00bb hover_enabled=\u00bb0&#8243; sticky_enabled=\u00bb0&#8243; title_text=\u00bbLogo MOVICOR (1)\u00bb custom_margin=\u00bb|||-20px|false|false\u00bb url=\u00bbhttps:\/\/movicor.com.py\/\u00bb url_new_window=\u00bbon\u00bb][\/et_pb_image][\/et_pb_column][\/et_pb_row][\/et_pb_section]<\/p>\n","protected":false},"excerpt":{"rendered":"<p>MOVICORTerare Paraguay es representante y distribuidora exclusiva para Ciudad del Este y Alto Paran\u00e1 de las l\u00edneas que maneja la empresa Movicor. Tanto con la prestigiosa marca Marelli como a trav\u00e9s de la representaci\u00f3n de la empresa London Archivos y Sistemas, damos soluciones de equipamiento para proyectos de empresas, oficinas, hogar, clubes, anfiteatros, bancos, etc. [&hellip;]<\/p>\n","protected":false},"author":1,"featured_media":0,"parent":0,"menu_order":0,"comment_status":"closed","ping_status":"closed","template":"","meta":{"_et_pb_use_builder":"on","_et_pb_old_content":"","_et_gb_content_width":"","footnotes":""},"class_list":["post-375","page","type-page","status-publish","hentry"],"_links":{"self":[{"href":"https:\/\/terare.com.py\/index.php\/wp-json\/wp\/v2\/pages\/375","targetHints":{"allow":["GET"]}}],"collection":[{"href":"https:\/\/terare.com.py\/index.php\/wp-json\/wp\/v2\/pages"}],"about":[{"href":"https:\/\/terare.com.py\/index.php\/wp-json\/wp\/v2\/types\/page"}],"author":[{"embeddable":true,"href":"https:\/\/terare.com.py\/index.php\/wp-json\/wp\/v2\/users\/1"}],"replies":[{"embeddable":true,"href":"https:\/\/terare.com.py\/index.php\/wp-json\/wp\/v2\/comments?post=375"}],"version-history":[{"count":4,"href":"https:\/\/terare.com.py\/index.php\/wp-json\/wp\/v2\/pages\/375\/revisions"}],"predecessor-version":[{"id":395,"href":"https:\/\/terare.com.py\/index.php\/wp-json\/wp\/v2\/pages\/375\/revisions\/395"}],"wp:attachment":[{"href":"https:\/\/terare.com.py\/index.php\/wp-json\/wp\/v2\/media?parent=375"}],"curies":[{"name":"wp","href":"https:\/\/api.w.org\/{rel}","templated":true}]}}