{"id":234,"date":"2021-07-25T18:20:04","date_gmt":"2021-07-25T18:20:04","guid":{"rendered":"https:\/\/terare.com.py\/?page_id=234"},"modified":"2021-07-26T22:04:10","modified_gmt":"2021-07-26T22:04:10","slug":"el-mundo-viene-a-wtc","status":"publish","type":"page","link":"https:\/\/terare.com.py\/index.php\/el-mundo-viene-a-wtc\/","title":{"rendered":"El mundo viene a WTC"},"content":{"rendered":"<p>[et_pb_section fb_built=\u00bb1&#8243; admin_label=\u00bbHero Section\u00bb _builder_version=\u00bb3.22&#8243; custom_padding=\u00bb0|0px|0px|0px\u00bb hover_enabled=\u00bb0&#8243; custom_margin=\u00bb||-150px||false|false\u00bb sticky_enabled=\u00bb0&#8243;][et_pb_row column_structure=\u00bb1_2,1_2&#8243; use_custom_gutter=\u00bbon\u00bb make_equal=\u00bbon\u00bb _builder_version=\u00bb4.9.10&#8243; width=\u00bb100%\u00bb max_width=\u00bb100%\u00bb custom_padding=\u00bb0px|0|0px|\u00bb use_custom_width=\u00bbon\u00bb width_unit=\u00bboff\u00bb custom_width_percent=\u00bb100%\u00bb][et_pb_column type=\u00bb1_2&#8243; _builder_version=\u00bb3.25&#8243; custom_padding=\u00bb200px|4%|200px|8%\u00bb custom_padding_tablet=\u00bb60px|10%|60px|10%\u00bb custom_padding_phone=\u00bb\u00bb custom_padding_last_edited=\u00bbon|tablet\u00bb padding_tablet=\u00bb60px|10%|60px|10%\u00bb padding_last_edited=\u00bbon|tablet\u00bb custom_padding__hover=\u00bb|||\u00bb][et_pb_text _builder_version=\u00bb4.9.10&#8243; text_font=\u00bb||||||||\u00bb header_font=\u00bb||||||||\u00bb header_3_font=\u00bbKarla|700||on|||||\u00bb header_3_text_color=\u00bb#c2ab92&#8243; header_3_font_size=\u00bb16px\u00bb header_3_letter_spacing=\u00bb1px\u00bb background_layout=\u00bbdark\u00bb max_width=\u00bb600px\u00bb module_alignment=\u00bbleft\u00bb custom_margin=\u00bb||20px|\u00bb locked=\u00bboff\u00bb]<\/p>\n<h3>EL MUNDO VIENE A WTC<\/h3>\n<p>[\/et_pb_text][et_pb_divider color=\u00bb#b4a797&#8243; _builder_version=\u00bb4.9.10&#8243; _module_preset=\u00bbdefault\u00bb][\/et_pb_divider][et_pb_text _builder_version=\u00bb4.9.10&#8243; text_font=\u00bbKarla||||||||\u00bb text_font_size=\u00bb18px\u00bb text_line_height=\u00bb1.8em\u00bb header_font=\u00bbCormorant Garamond||||||||\u00bb header_font_size=\u00bb56px\u00bb header_line_height=\u00bb1.4em\u00bb header_2_font=\u00bb||||||||\u00bb header_3_font=\u00bb||||||||\u00bb max_width=\u00bb600px\u00bb header_font_size_tablet=\u00bb40px\u00bb header_font_size_phone=\u00bb\u00bb header_font_size_last_edited=\u00bbon|tablet\u00bb locked=\u00bboff\u00bb]<\/p>\n<p>Una noche dedicada a la gastronom\u00eda, cultura y m\u00fasica de un pa\u00eds.<\/p>\n<p>[\/et_pb_text][\/et_pb_column][et_pb_column type=\u00bb1_2&#8243; _builder_version=\u00bb3.25&#8243; custom_padding=\u00bb200px|4%|200px|8%\u00bb custom_padding_tablet=\u00bb60px|10%|60px|10%\u00bb custom_padding_phone=\u00bb\u00bb custom_padding_last_edited=\u00bbon|tablet\u00bb padding_tablet=\u00bb60px|10%|60px|10%\u00bb padding_last_edited=\u00bbon|tablet\u00bb custom_padding__hover=\u00bb|||\u00bb][et_pb_image src=\u00bbhttps:\/\/terare.com.py\/wp-content\/uploads\/2021\/07\/IMG_0726a.jpg\u00bb title_text=\u00bbIMG_0726a\u00bb _builder_version=\u00bb4.9.10&#8243; _module_preset=\u00bbdefault\u00bb][\/et_pb_image][\/et_pb_column][\/et_pb_row][\/et_pb_section][et_pb_section fb_built=\u00bb1&#8243; _builder_version=\u00bb4.9.10&#8243; _module_preset=\u00bbdefault\u00bb custom_margin=\u00bb||-71px|||\u00bb][et_pb_row _builder_version=\u00bb4.9.10&#8243; _module_preset=\u00bbdefault\u00bb][et_pb_column type=\u00bb4_4&#8243; _builder_version=\u00bb4.9.10&#8243; _module_preset=\u00bbdefault\u00bb][et_pb_divider color=\u00bb#b4a797&#8243; _builder_version=\u00bb4.9.10&#8243; _module_preset=\u00bbdefault\u00bb][\/et_pb_divider][\/et_pb_column][\/et_pb_row][\/et_pb_section][et_pb_section fb_built=\u00bb1&#8243; _builder_version=\u00bb4.9.10&#8243; _module_preset=\u00bbdefault\u00bb][et_pb_row _builder_version=\u00bb4.9.10&#8243; _module_preset=\u00bbdefault\u00bb][et_pb_column type=\u00bb4_4&#8243; _builder_version=\u00bb4.9.10&#8243; _module_preset=\u00bbdefault\u00bb][et_pb_text _builder_version=\u00bb4.9.10&#8243; _module_preset=\u00bbdefault\u00bb]<\/p>\n<p><strong>EL MUNDO VIENE A WTC ASUNCI\u00d3N: CAP\u00cdTULO HUNGR\u00cdA.<\/strong><\/p>\n<p>&nbsp;<\/p>\n<p>Producido por Terare Paraguay y WTC Asunci\u00f3n, Hungr\u00eda regreso al ciclo \u00abEl mundo viene a WTC\u00bb en su edici\u00f3n 2018.<\/p>\n<p>Con la presencia del c\u00f3nsul, autoridades de su embajada en Argentina y una nutrida concurrencia de miembros de su colectividad en Paraguay, el evento cont\u00f3 con la degustaci\u00f3n de exquisiteces de las gastronom\u00edas de ese pa\u00eds.<\/p>\n<p>&nbsp;<\/p>\n<p>La noche se vio coronada con danzas t\u00edpicas a cargo de dos bailarines especialmente tra\u00eddos para la ocasi\u00f3n que hicieron gala de su arte y entusiasmaron al p\u00fablico presente hasta hacerlo participe.<\/p>\n<p>&nbsp;<\/p>\n<p>Los m\u00e1s peque\u00f1os que asistieron tuvieron la sorpresiva aparici\u00f3n de papa Noel quien se present\u00f3 para dar final a una velada para el recuerdo.<\/p>\n<p>[\/et_pb_text][et_pb_image src=\u00bbhttps:\/\/terare.com.py\/wp-content\/uploads\/2021\/07\/hungria-auscpicios.jpg\u00bb title_text=\u00bbhungria-auscpicios\u00bb _builder_version=\u00bb4.9.10&#8243; _module_preset=\u00bbdefault\u00bb][\/et_pb_image][\/et_pb_column][\/et_pb_row][et_pb_row _builder_version=\u00bb4.9.10&#8243; _module_preset=\u00bbdefault\u00bb][et_pb_column type=\u00bb4_4&#8243; _builder_version=\u00bb4.9.10&#8243; _module_preset=\u00bbdefault\u00bb][et_pb_video src=\u00bbhttps:\/\/terare.com.py\/wp-content\/uploads\/2021\/07\/hungria-wtcpy.mp4&#8243; _builder_version=\u00bb4.9.10&#8243; _module_preset=\u00bbdefault\u00bb][\/et_pb_video][\/et_pb_column][\/et_pb_row][\/et_pb_section][et_pb_section fb_built=\u00bb1&#8243; _builder_version=\u00bb4.9.10&#8243; _module_preset=\u00bbdefault\u00bb][et_pb_row _builder_version=\u00bb4.9.10&#8243; _module_preset=\u00bbdefault\u00bb][et_pb_column type=\u00bb4_4&#8243; _builder_version=\u00bb4.9.10&#8243; _module_preset=\u00bbdefault\u00bb][et_pb_text _builder_version=\u00bb4.9.10&#8243; _module_preset=\u00bbdefault\u00bb]<\/p>\n<p><strong>URUGUAY PRESENTE EN \u00abEL MUNDO VIENE A WTC\u00bb<\/strong><\/p>\n<p>&nbsp;<\/p>\n<p>Producido por Terare Paraguay y WTC Asunci\u00f3n, Uruguay volvi\u00f3 al ciclo \u00abEl mundo viene a WTC\u00bb en su edici\u00f3n 2018.<\/p>\n<p>&nbsp;<\/p>\n<p>Con la presencia del embajador y una nutrida delegaci\u00f3n de destacadas autoridades nacionales y departamentales, as\u00ed como personalidades del \u00e1mbito empresarial, el evento cont\u00f3 con la degustaci\u00f3n de excelentes vinos producidos por destacadas bodegas de ese pa\u00eds, acompa\u00f1ada de sabrosa gastronom\u00eda.<\/p>\n<p>&nbsp;<\/p>\n<p>La noche distendida y en un ambiente de alta camarader\u00eda sirvi\u00f3 para generar un networking corporativo diplom\u00e1tico que participaron importantes empresarios del Mercosur.<\/p>\n<p>[\/et_pb_text][et_pb_image src=\u00bbhttps:\/\/terare.com.py\/wp-content\/uploads\/2021\/07\/auspicios-elmundo-uru-2018.png\u00bb title_text=\u00bbauspicios-elmundo-uru-2018&#8243; _builder_version=\u00bb4.9.10&#8243; _module_preset=\u00bbdefault\u00bb][\/et_pb_image][\/et_pb_column][\/et_pb_row][et_pb_row _builder_version=\u00bb4.9.10&#8243; _module_preset=\u00bbdefault\u00bb][et_pb_column type=\u00bb4_4&#8243; _builder_version=\u00bb4.9.10&#8243; _module_preset=\u00bbdefault\u00bb][et_pb_video src=\u00bbhttps:\/\/terare.com.py\/wp-content\/uploads\/2021\/07\/uruguay-wtc-py.mp4&#8243; _builder_version=\u00bb4.9.10&#8243; _module_preset=\u00bbdefault\u00bb][\/et_pb_video][\/et_pb_column][\/et_pb_row][\/et_pb_section][et_pb_section fb_built=\u00bb1&#8243; _builder_version=\u00bb4.9.10&#8243; _module_preset=\u00bbdefault\u00bb][et_pb_row _builder_version=\u00bb4.9.10&#8243; _module_preset=\u00bbdefault\u00bb][et_pb_column type=\u00bb4_4&#8243; _builder_version=\u00bb4.9.10&#8243; _module_preset=\u00bbdefault\u00bb][et_pb_text _builder_version=\u00bb4.9.10&#8243; _module_preset=\u00bbdefault\u00bb]<\/p>\n<p><strong>GRAN BRETA\u00d1A PRESENTE EN \u00abEL MUNDO VIENE A WTC\u00bb<\/strong><\/p>\n<p>&nbsp;<\/p>\n<p>Producido por Terare Paraguay y WTC Asunci\u00f3n, con la presencia de altos jerarcas de la embajada y la C\u00e1mara de Comercio, as\u00ed como ejecutivos de distintas empresas locales e internacionales, se realiz\u00f3 del segundo evento 2018 de \u201cEl mundo viene a WTC\u201d con la participaci\u00f3n de Gran Breta\u00f1a.<\/p>\n<p>&nbsp;<\/p>\n<p>Un elegante coctel acompa\u00f1o una velada de muy efectivo networking corporativo.<\/p>\n<p>[\/et_pb_text][et_pb_image src=\u00bbhttps:\/\/terare.com.py\/wp-content\/uploads\/2021\/07\/Granbret.jpg\u00bb title_text=\u00bbGranbret\u00bb align=\u00bbcenter\u00bb _builder_version=\u00bb4.9.10&#8243; _module_preset=\u00bbdefault\u00bb][\/et_pb_image][\/et_pb_column][\/et_pb_row][et_pb_row _builder_version=\u00bb4.9.10&#8243; _module_preset=\u00bbdefault\u00bb][et_pb_column type=\u00bb4_4&#8243; _builder_version=\u00bb4.9.10&#8243; _module_preset=\u00bbdefault\u00bb][et_pb_video src=\u00bbhttps:\/\/terare.com.py\/wp-content\/uploads\/2021\/07\/inglaterra-wtc.mp4&#8243; _builder_version=\u00bb4.9.10&#8243; _module_preset=\u00bbdefault\u00bb][\/et_pb_video][\/et_pb_column][\/et_pb_row][\/et_pb_section][et_pb_section fb_built=\u00bb1&#8243; _builder_version=\u00bb4.9.10&#8243; _module_preset=\u00bbdefault\u00bb][et_pb_row _builder_version=\u00bb4.9.10&#8243; _module_preset=\u00bbdefault\u00bb][et_pb_column type=\u00bb4_4&#8243; _builder_version=\u00bb4.9.10&#8243; _module_preset=\u00bbdefault\u00bb][et_pb_text _builder_version=\u00bb4.9.10&#8243; _module_preset=\u00bbdefault\u00bb]<\/p>\n<p><strong>ARGENTINA PRESENTE EN \u00abEL MUNDO VIENE A WTC\u00bb<\/strong><\/p>\n<p>[\/et_pb_text][\/et_pb_column][\/et_pb_row][et_pb_row _builder_version=\u00bb4.9.10&#8243; _module_preset=\u00bbdefault\u00bb][et_pb_column type=\u00bb4_4&#8243; _builder_version=\u00bb4.9.10&#8243; _module_preset=\u00bbdefault\u00bb][et_pb_video src=\u00bbhttps:\/\/terare.com.py\/wp-content\/uploads\/2021\/07\/argentina-wtc-py.mp4&#8243; _builder_version=\u00bb4.9.10&#8243; _module_preset=\u00bbdefault\u00bb][\/et_pb_video][\/et_pb_column][\/et_pb_row][\/et_pb_section][et_pb_section fb_built=\u00bb1&#8243; _builder_version=\u00bb4.9.10&#8243; _module_preset=\u00bbdefault\u00bb][et_pb_row _builder_version=\u00bb4.9.10&#8243; _module_preset=\u00bbdefault\u00bb][et_pb_column type=\u00bb4_4&#8243; _builder_version=\u00bb4.9.10&#8243; _module_preset=\u00bbdefault\u00bb][et_pb_text _builder_version=\u00bb4.9.10&#8243; _module_preset=\u00bbdefault\u00bb]<\/p>\n<p><strong>JAPON PRESENTE EN \u00abEL MUNDO VIENE A WTC\u00bb<\/strong><\/p>\n<p>[\/et_pb_text][\/et_pb_column][\/et_pb_row][et_pb_row _builder_version=\u00bb4.9.10&#8243; _module_preset=\u00bbdefault\u00bb][et_pb_column type=\u00bb4_4&#8243; _builder_version=\u00bb4.9.10&#8243; _module_preset=\u00bbdefault\u00bb][et_pb_video src=\u00bbhttps:\/\/terare.com.py\/wp-content\/uploads\/2021\/07\/japon-wtcpy.mp4&#8243; _builder_version=\u00bb4.9.10&#8243; _module_preset=\u00bbdefault\u00bb][\/et_pb_video][\/et_pb_column][\/et_pb_row][\/et_pb_section][et_pb_section fb_built=\u00bb1&#8243; _builder_version=\u00bb4.9.10&#8243; _module_preset=\u00bbdefault\u00bb][et_pb_row _builder_version=\u00bb4.9.10&#8243; _module_preset=\u00bbdefault\u00bb][et_pb_column type=\u00bb4_4&#8243; _builder_version=\u00bb4.9.10&#8243; _module_preset=\u00bbdefault\u00bb][et_pb_text _builder_version=\u00bb4.9.10&#8243; _module_preset=\u00bbdefault\u00bb]<\/p>\n<p><strong>ISRAEL PRESENTE EN \u00abEL MUNDO VIENE A WTC\u00bb<\/strong><\/p>\n<p>[\/et_pb_text][\/et_pb_column][\/et_pb_row][et_pb_row _builder_version=\u00bb4.9.10&#8243; _module_preset=\u00bbdefault\u00bb][et_pb_column type=\u00bb4_4&#8243; _builder_version=\u00bb4.9.10&#8243; _module_preset=\u00bbdefault\u00bb][et_pb_video src=\u00bbhttps:\/\/terare.com.py\/wp-content\/uploads\/2021\/07\/israel2017.mp4&#8243; _builder_version=\u00bb4.9.10&#8243; _module_preset=\u00bbdefault\u00bb][\/et_pb_video][\/et_pb_column][\/et_pb_row][\/et_pb_section]<\/p>\n","protected":false},"excerpt":{"rendered":"<p>EL MUNDO VIENE A WTCUna noche dedicada a la gastronom\u00eda, cultura y m\u00fasica de un pa\u00eds.EL MUNDO VIENE A WTC ASUNCI\u00d3N: CAP\u00cdTULO HUNGR\u00cdA. &nbsp; Producido por Terare Paraguay y WTC Asunci\u00f3n, Hungr\u00eda regreso al ciclo \u00abEl mundo viene a WTC\u00bb en su edici\u00f3n 2018. Con la presencia del c\u00f3nsul, autoridades de su embajada en Argentina [&hellip;]<\/p>\n","protected":false},"author":1,"featured_media":0,"parent":0,"menu_order":0,"comment_status":"closed","ping_status":"closed","template":"","meta":{"_et_pb_use_builder":"on","_et_pb_old_content":"","_et_gb_content_width":"","footnotes":""},"class_list":["post-234","page","type-page","status-publish","hentry"],"_links":{"self":[{"href":"https:\/\/terare.com.py\/index.php\/wp-json\/wp\/v2\/pages\/234","targetHints":{"allow":["GET"]}}],"collection":[{"href":"https:\/\/terare.com.py\/index.php\/wp-json\/wp\/v2\/pages"}],"about":[{"href":"https:\/\/terare.com.py\/index.php\/wp-json\/wp\/v2\/types\/page"}],"author":[{"embeddable":true,"href":"https:\/\/terare.com.py\/index.php\/wp-json\/wp\/v2\/users\/1"}],"replies":[{"embeddable":true,"href":"https:\/\/terare.com.py\/index.php\/wp-json\/wp\/v2\/comments?post=234"}],"version-history":[{"count":8,"href":"https:\/\/terare.com.py\/index.php\/wp-json\/wp\/v2\/pages\/234\/revisions"}],"predecessor-version":[{"id":307,"href":"https:\/\/terare.com.py\/index.php\/wp-json\/wp\/v2\/pages\/234\/revisions\/307"}],"wp:attachment":[{"href":"https:\/\/terare.com.py\/index.php\/wp-json\/wp\/v2\/media?parent=234"}],"curies":[{"name":"wp","href":"https:\/\/api.w.org\/{rel}","templated":true}]}}