{"id":146,"date":"2021-07-25T16:48:06","date_gmt":"2021-07-25T16:48:06","guid":{"rendered":"https:\/\/terare.com.py\/?page_id=146"},"modified":"2021-07-26T22:42:06","modified_gmt":"2021-07-26T22:42:06","slug":"branding-2","status":"publish","type":"page","link":"https:\/\/terare.com.py\/index.php\/branding-2\/","title":{"rendered":"BRANDING"},"content":{"rendered":"<p>[et_pb_section fb_built=\u00bb1&#8243; admin_label=\u00bbHero Section\u00bb _builder_version=\u00bb3.22&#8243; custom_padding=\u00bb0|0px|0px|0px\u00bb][et_pb_row column_structure=\u00bb1_2,1_2&#8243; use_custom_gutter=\u00bbon\u00bb make_equal=\u00bbon\u00bb _builder_version=\u00bb4.9.10&#8243; width=\u00bb100%\u00bb max_width=\u00bb100%\u00bb custom_padding=\u00bb0px|0|0px|\u00bb use_custom_width=\u00bbon\u00bb width_unit=\u00bboff\u00bb custom_width_percent=\u00bb100%\u00bb][et_pb_column type=\u00bb1_2&#8243; _builder_version=\u00bb3.25&#8243; custom_padding=\u00bb200px|4%|200px|8%\u00bb custom_padding_tablet=\u00bb60px|10%|60px|10%\u00bb custom_padding_phone=\u00bb\u00bb custom_padding_last_edited=\u00bbon|tablet\u00bb padding_tablet=\u00bb60px|10%|60px|10%\u00bb padding_last_edited=\u00bbon|tablet\u00bb custom_padding__hover=\u00bb|||\u00bb][et_pb_text _builder_version=\u00bb4.9.10&#8243; text_font=\u00bb||||||||\u00bb header_font=\u00bb||||||||\u00bb header_3_font=\u00bbKarla|700||on|||||\u00bb header_3_text_color=\u00bb#c2ab92&#8243; header_3_font_size=\u00bb16px\u00bb header_3_letter_spacing=\u00bb1px\u00bb background_layout=\u00bbdark\u00bb max_width=\u00bb600px\u00bb module_alignment=\u00bbleft\u00bb custom_margin=\u00bb||20px|\u00bb locked=\u00bboff\u00bb]<\/p>\n<h3>BRANDING<\/h3>\n<p>[\/et_pb_text][et_pb_divider color=\u00bb#b4a797&#8243; _builder_version=\u00bb4.9.10&#8243; _module_preset=\u00bbdefault\u00bb][\/et_pb_divider][et_pb_text _builder_version=\u00bb4.9.10&#8243; text_font=\u00bbKarla||||||||\u00bb text_font_size=\u00bb15px\u00bb text_line_height=\u00bb1.8em\u00bb header_font=\u00bbCormorant Garamond||||||||\u00bb header_font_size=\u00bb56px\u00bb header_line_height=\u00bb1.4em\u00bb header_2_font=\u00bb||||||||\u00bb header_3_font=\u00bb||||||||\u00bb max_width=\u00bb600px\u00bb header_font_size_tablet=\u00bb40px\u00bb header_font_size_phone=\u00bb\u00bb header_font_size_last_edited=\u00bbon|tablet\u00bb locked=\u00bboff\u00bb]<\/p>\n<p>En Terare Paraguay sabemos que una estrategia de branding es un plan a largo plazo para el desarrollo de una marca s\u00f3lida con el fin de alcanzar objetivos espec\u00edficos.<\/p>\n<p>Involucra el establecimiento de valores y diferenciadores con respecto de la competencia, y as\u00ed logra ser relevante para su audiencia.<\/p>\n<p>Su marca no es un producto, un logotipo, un sitio web o un nombre. Su marca es mucho m\u00e1s que eso; es algo intangible y poderoso que puede sobresalir.<\/p>\n<p>La identidad de marca es como un im\u00e1n que atrae a sus clientes.<\/p>\n<p>Le damos 5 razones para armar su estrategia de branding con nosotros. Las 5 principales que debe evaluar antes de contratarnos.<\/p>\n<p><span style=\"color: #b4a797;\">1.Creamos v\u00ednculos emocionales de las marcas con sus clientes:<\/span><\/p>\n<p>Su marca puede ser excelente pero si no crea emociones extraordinarias no tendr\u00e1 fidelidad a largo plazo de sus consumidores.<\/p>\n<p><span style=\"color: #b4a797;\">2.Promovemos la asociaci\u00f3n de ideas:<\/span><\/p>\n<p>Si su marca genera experiencias positivas estas se asociaron directamente con sus productos y servicios y su consumo,<\/p>\n<p><span style=\"color: #b4a797;\">3.Hacemos la milla extra:<\/span><\/p>\n<p>Creamos marcas s\u00f3lidas que dan confianza a las personas y los ayudan a resolver sus necesidades.<\/p>\n<p><span style=\"color: #b4a797;\">4.Estamos enfocados en los objetivos:<\/span><\/p>\n<p>Siempre tenemos presentes que crear metas es el primer paso para lograrlas con constancia e innovaci\u00f3n.<\/p>\n<p><span style=\"color: #b4a797;\">5.Sustentamos la estrategia de marketing:<\/span><\/p>\n<p>Generamos los materiales necesarios para que la marca comunique siempre con fidelidad sus clientes y superando sus expectativas.<\/p>\n<p>Si quiere lograr esto con su plan de branding, ll\u00e1menos.<\/p>\n<p>Realizamos: Creaci\u00f3n, renovaci\u00f3n y crecimiento de marcas, logos, desarrollos de l\u00edneas blancas, packaging, cat\u00e1logos, proyectos de ploteo de flotas, materiales de venta, creaci\u00f3n de avisos para campa\u00f1as en redes sociales y otros medios.. entre otras cosas.<\/p>\n<p>&nbsp;<\/p>\n<p>[\/et_pb_text][\/et_pb_column][et_pb_column type=\u00bb1_2&#8243; _builder_version=\u00bb4.9.10&#8243; _module_preset=\u00bbdefault\u00bb][et_pb_gallery gallery_ids=\u00bb191,192,180,341,340,186,173,158,161,162,334,337,335,336,157,339,324,325,326,327,328,329,330,331,332,333&#8243; fullwidth=\u00bbon\u00bb _builder_version=\u00bb4.9.10&#8243; _module_preset=\u00bbdefault\u00bb custom_margin=\u00bb241px||||false|false\u00bb hover_enabled=\u00bb0&#8243; sticky_enabled=\u00bb0&#8243;][\/et_pb_gallery][\/et_pb_column][\/et_pb_row][\/et_pb_section][et_pb_section fb_built=\u00bb1&#8243; _builder_version=\u00bb4.9.10&#8243; _module_preset=\u00bbdefault\u00bb custom_margin=\u00bb-187px|||||\u00bb][et_pb_row _builder_version=\u00bb4.9.10&#8243; _module_preset=\u00bbdefault\u00bb][et_pb_column type=\u00bb4_4&#8243; _builder_version=\u00bb4.9.10&#8243; _module_preset=\u00bbdefault\u00bb][et_pb_text _builder_version=\u00bb4.9.10&#8243; _module_preset=\u00bbdefault\u00bb text_text_color=\u00bb#b4a797&#8243; text_font_size=\u00bb20px\u00bb custom_margin=\u00bb47px|||||\u00bb]<\/p>\n<p>Vea nuestra comunicaci\u00f3n en prensa<\/p>\n<p>[\/et_pb_text][\/et_pb_column][\/et_pb_row][et_pb_row _builder_version=\u00bb4.9.10&#8243; _module_preset=\u00bbdefault\u00bb][et_pb_column type=\u00bb4_4&#8243; _builder_version=\u00bb4.9.10&#8243; _module_preset=\u00bbdefault\u00bb][et_pb_divider color=\u00bb#b4a797&#8243; _builder_version=\u00bb4.9.10&#8243; _module_preset=\u00bbdefault\u00bb width=\u00bb43%\u00bb][\/et_pb_divider][\/et_pb_column][\/et_pb_row][\/et_pb_section][et_pb_section fb_built=\u00bb1&#8243; _builder_version=\u00bb4.9.10&#8243; _module_preset=\u00bbdefault\u00bb custom_margin=\u00bb-80px|||||\u00bb][et_pb_row _builder_version=\u00bb4.9.10&#8243; _module_preset=\u00bbdefault\u00bb][et_pb_column type=\u00bb4_4&#8243; _builder_version=\u00bb4.9.10&#8243; _module_preset=\u00bbdefault\u00bb][et_pb_gallery gallery_ids=\u00bb209,208,207&#8243; fullwidth=\u00bbon\u00bb _builder_version=\u00bb4.9.10&#8243; _module_preset=\u00bbdefault\u00bb hover_enabled=\u00bb0&#8243; sticky_enabled=\u00bb0&#8243;][\/et_pb_gallery][\/et_pb_column][\/et_pb_row][\/et_pb_section]<\/p>\n","protected":false},"excerpt":{"rendered":"<p>BRANDINGEn Terare Paraguay sabemos que una estrategia de branding es un plan a largo plazo para el desarrollo de una marca s\u00f3lida con el fin de alcanzar objetivos espec\u00edficos. Involucra el establecimiento de valores y diferenciadores con respecto de la competencia, y as\u00ed logra ser relevante para su audiencia. Su marca no es un producto, [&hellip;]<\/p>\n","protected":false},"author":1,"featured_media":0,"parent":0,"menu_order":0,"comment_status":"closed","ping_status":"closed","template":"","meta":{"_et_pb_use_builder":"on","_et_pb_old_content":"","_et_gb_content_width":"","footnotes":""},"class_list":["post-146","page","type-page","status-publish","hentry"],"_links":{"self":[{"href":"https:\/\/terare.com.py\/index.php\/wp-json\/wp\/v2\/pages\/146","targetHints":{"allow":["GET"]}}],"collection":[{"href":"https:\/\/terare.com.py\/index.php\/wp-json\/wp\/v2\/pages"}],"about":[{"href":"https:\/\/terare.com.py\/index.php\/wp-json\/wp\/v2\/types\/page"}],"author":[{"embeddable":true,"href":"https:\/\/terare.com.py\/index.php\/wp-json\/wp\/v2\/users\/1"}],"replies":[{"embeddable":true,"href":"https:\/\/terare.com.py\/index.php\/wp-json\/wp\/v2\/comments?post=146"}],"version-history":[{"count":9,"href":"https:\/\/terare.com.py\/index.php\/wp-json\/wp\/v2\/pages\/146\/revisions"}],"predecessor-version":[{"id":343,"href":"https:\/\/terare.com.py\/index.php\/wp-json\/wp\/v2\/pages\/146\/revisions\/343"}],"wp:attachment":[{"href":"https:\/\/terare.com.py\/index.php\/wp-json\/wp\/v2\/media?parent=146"}],"curies":[{"name":"wp","href":"https:\/\/api.w.org\/{rel}","templated":true}]}}